{"id":23,"date":"2023-08-02T15:34:15","date_gmt":"2023-08-02T13:34:15","guid":{"rendered":"https:\/\/kk.lanakk.com\/?page_id=23"},"modified":"2023-10-16T15:56:09","modified_gmt":"2023-10-16T13:56:09","slug":"ueber-uns","status":"publish","type":"page","link":"https:\/\/kk.lanakk.com\/?page_id=23","title":{"rendered":"\u00dcber Mich"},"content":{"rendered":"\n<p>Hallo und herzlich willkommen auf meinem Blog! Mein Name ist Kathleen, und ich bin begeistert, dass du hier bist. Als Unternehmerin und K\u00fcnstlerin m\u00f6chte ich dir einen Einblick in meine Welt geben und dich auf eine inspirierende Reise mitnehmen.<\/p>\n\n\n\n<p>Meine unternehmerische Reise begann vor \u00fcber 20 Jahren, als ich meine Leidenschaft f\u00fcr kreative Projekte entdeckte. Ich fand heraus, dass die Kombination von Unternehmertum und Kunst eine erstaunliche M\u00f6glichkeit bietet, Tr\u00e4ume zu verwirklichen und Erfolg auf eigene Weise zu definieren.<\/p>\n\n\n\n<p>Hier auf meinem Blog m\u00f6chte ich meine Erfahrungen und Erkenntnisse als Unternehmerin und K\u00fcnstlerin mit dir teilen. Du kannst erwarten, wertvolle Einblicke in die Welt des Unternehmertums, kreativen Denkens und pers\u00f6nlichen Wachstums zu erhalten. Egal, ob du bereits ein etablierter Unternehmer bist oder gerade erst deine eigenen Gesch\u00e4ftsideen entwickelst, hier findest du Informationen und Inspiration, die dir auf deinem Weg zum Erfolg helfen k\u00f6nnen.<\/p>\n\n\n\n<p>Wenn du Fragen, Anregungen oder Themenw\u00fcnsche f\u00fcr zuk\u00fcnftige Blogbeitr\u00e4ge hast, z\u00f6gere nicht, mir eine Nachricht zu schicken. Ich freue mich darauf, von dir zu h\u00f6ren und gemeinsam mit dir auf dieser spannenden Reise des Unternehmertums und der kreativen Selbstverwirklichung voranzukommen.<\/p>\n\n\n\n<p>Nochmals herzlich willkommen auf meinem Blog! Lass uns gemeinsam wachsen, lernen und erfolgreich sein. \ud83d\ude80<\/p>\n\n\n\n<p>Mit besten Gr\u00fc\u00dfen,<\/p>\n\n\n\n<p>Kathleen <\/p>\n","protected":false},"excerpt":{"rendered":"<p>Hallo und herzlich willkommen auf meinem Blog! Mein Name ist Kathleen, und ich bin begeistert, dass du hier bist. Als Unternehmerin und K\u00fcnstlerin&hellip;<\/p>\n","protected":false},"author":1,"featured_media":0,"parent":0,"menu_order":0,"comment_status":"closed","ping_status":"closed","template":"","meta":{"footnotes":""},"class_list":["post-23","page","type-page","status-publish","hentry"],"yoast_head":"<!-- This site is optimized with the Yoast SEO plugin v20.13 - https:\/\/yoast.com\/wordpress\/plugins\/seo\/ -->\n<title>\u00dcber Mich - KK<\/title>\n<meta name=\"robots\" content=\"index, follow, max-snippet:-1, max-image-preview:large, max-video-preview:-1\" \/>\n<link rel=\"canonical\" href=\"https:\/\/kk.lanakk.com\/?page_id=23\" \/>\n<meta property=\"og:locale\" content=\"de_DE\" \/>\n<meta property=\"og:type\" content=\"article\" \/>\n<meta property=\"og:title\" content=\"\u00dcber Mich - KK\" \/>\n<meta property=\"og:description\" content=\"Hallo und herzlich willkommen auf meinem Blog! Mein Name ist Kathleen, und ich bin begeistert, dass du hier bist. Als Unternehmerin und K\u00fcnstlerin&hellip;\" \/>\n<meta property=\"og:url\" content=\"https:\/\/kk.lanakk.com\/?page_id=23\" \/>\n<meta property=\"og:site_name\" content=\"KK\" \/>\n<meta property=\"article:modified_time\" content=\"2023-10-16T13:56:09+00:00\" \/>\n<meta name=\"twitter:card\" content=\"summary_large_image\" \/>\n<meta name=\"twitter:label1\" content=\"Gesch\u00e4tzte Lesezeit\" \/>\n\t<meta name=\"twitter:data1\" content=\"2\u00a0Minuten\" \/>\n<script type=\"application\/ld+json\" class=\"yoast-schema-graph\">{\"@context\":\"https:\/\/schema.org\",\"@graph\":[{\"@type\":\"WebPage\",\"@id\":\"https:\/\/kk.lanakk.com\/?page_id=23\",\"url\":\"https:\/\/kk.lanakk.com\/?page_id=23\",\"name\":\"\u00dcber Mich - KK\",\"isPartOf\":{\"@id\":\"https:\/\/kk.lanakk.com\/#website\"},\"datePublished\":\"2023-08-02T13:34:15+00:00\",\"dateModified\":\"2023-10-16T13:56:09+00:00\",\"breadcrumb\":{\"@id\":\"https:\/\/kk.lanakk.com\/?page_id=23#breadcrumb\"},\"inLanguage\":\"de\",\"potentialAction\":[{\"@type\":\"ReadAction\",\"target\":[\"https:\/\/kk.lanakk.com\/?page_id=23\"]}]},{\"@type\":\"BreadcrumbList\",\"@id\":\"https:\/\/kk.lanakk.com\/?page_id=23#breadcrumb\",\"itemListElement\":[{\"@type\":\"ListItem\",\"position\":1,\"name\":\"Startseite\",\"item\":\"https:\/\/kk.lanakk.com\/\"},{\"@type\":\"ListItem\",\"position\":2,\"name\":\"\u00dcber Mich\"}]},{\"@type\":\"WebSite\",\"@id\":\"https:\/\/kk.lanakk.com\/#website\",\"url\":\"https:\/\/kk.lanakk.com\/\",\"name\":\"KK\",\"description\":\"\",\"publisher\":{\"@id\":\"https:\/\/kk.lanakk.com\/#organization\"},\"potentialAction\":[{\"@type\":\"SearchAction\",\"target\":{\"@type\":\"EntryPoint\",\"urlTemplate\":\"https:\/\/kk.lanakk.com\/?s={search_term_string}\"},\"query-input\":\"required name=search_term_string\"}],\"inLanguage\":\"de\"},{\"@type\":\"Organization\",\"@id\":\"https:\/\/kk.lanakk.com\/#organization\",\"name\":\"KK\",\"url\":\"https:\/\/kk.lanakk.com\/\",\"logo\":{\"@type\":\"ImageObject\",\"inLanguage\":\"de\",\"@id\":\"https:\/\/kk.lanakk.com\/#\/schema\/logo\/image\/\",\"url\":\"https:\/\/kk.lanakk.com\/wp-content\/uploads\/2023\/08\/cropped-Bildschirmfoto-2023-08-02-um-15.31.12.png\",\"contentUrl\":\"https:\/\/kk.lanakk.com\/wp-content\/uploads\/2023\/08\/cropped-Bildschirmfoto-2023-08-02-um-15.31.12.png\",\"width\":1441,\"height\":480,\"caption\":\"KK\"},\"image\":{\"@id\":\"https:\/\/kk.lanakk.com\/#\/schema\/logo\/image\/\"}}]}<\/script>\n<!-- \/ Yoast SEO plugin. -->","yoast_head_json":{"title":"\u00dcber Mich - KK","robots":{"index":"index","follow":"follow","max-snippet":"max-snippet:-1","max-image-preview":"max-image-preview:large","max-video-preview":"max-video-preview:-1"},"canonical":"https:\/\/kk.lanakk.com\/?page_id=23","og_locale":"de_DE","og_type":"article","og_title":"\u00dcber Mich - KK","og_description":"Hallo und herzlich willkommen auf meinem Blog! Mein Name ist Kathleen, und ich bin begeistert, dass du hier bist. Als Unternehmerin und K\u00fcnstlerin&hellip;","og_url":"https:\/\/kk.lanakk.com\/?page_id=23","og_site_name":"KK","article_modified_time":"2023-10-16T13:56:09+00:00","twitter_card":"summary_large_image","twitter_misc":{"Gesch\u00e4tzte Lesezeit":"2\u00a0Minuten"},"schema":{"@context":"https:\/\/schema.org","@graph":[{"@type":"WebPage","@id":"https:\/\/kk.lanakk.com\/?page_id=23","url":"https:\/\/kk.lanakk.com\/?page_id=23","name":"\u00dcber Mich - KK","isPartOf":{"@id":"https:\/\/kk.lanakk.com\/#website"},"datePublished":"2023-08-02T13:34:15+00:00","dateModified":"2023-10-16T13:56:09+00:00","breadcrumb":{"@id":"https:\/\/kk.lanakk.com\/?page_id=23#breadcrumb"},"inLanguage":"de","potentialAction":[{"@type":"ReadAction","target":["https:\/\/kk.lanakk.com\/?page_id=23"]}]},{"@type":"BreadcrumbList","@id":"https:\/\/kk.lanakk.com\/?page_id=23#breadcrumb","itemListElement":[{"@type":"ListItem","position":1,"name":"Startseite","item":"https:\/\/kk.lanakk.com\/"},{"@type":"ListItem","position":2,"name":"\u00dcber Mich"}]},{"@type":"WebSite","@id":"https:\/\/kk.lanakk.com\/#website","url":"https:\/\/kk.lanakk.com\/","name":"KK","description":"","publisher":{"@id":"https:\/\/kk.lanakk.com\/#organization"},"potentialAction":[{"@type":"SearchAction","target":{"@type":"EntryPoint","urlTemplate":"https:\/\/kk.lanakk.com\/?s={search_term_string}"},"query-input":"required name=search_term_string"}],"inLanguage":"de"},{"@type":"Organization","@id":"https:\/\/kk.lanakk.com\/#organization","name":"KK","url":"https:\/\/kk.lanakk.com\/","logo":{"@type":"ImageObject","inLanguage":"de","@id":"https:\/\/kk.lanakk.com\/#\/schema\/logo\/image\/","url":"https:\/\/kk.lanakk.com\/wp-content\/uploads\/2023\/08\/cropped-Bildschirmfoto-2023-08-02-um-15.31.12.png","contentUrl":"https:\/\/kk.lanakk.com\/wp-content\/uploads\/2023\/08\/cropped-Bildschirmfoto-2023-08-02-um-15.31.12.png","width":1441,"height":480,"caption":"KK"},"image":{"@id":"https:\/\/kk.lanakk.com\/#\/schema\/logo\/image\/"}}]}},"_links":{"self":[{"href":"https:\/\/kk.lanakk.com\/index.php?rest_route=\/wp\/v2\/pages\/23","targetHints":{"allow":["GET"]}}],"collection":[{"href":"https:\/\/kk.lanakk.com\/index.php?rest_route=\/wp\/v2\/pages"}],"about":[{"href":"https:\/\/kk.lanakk.com\/index.php?rest_route=\/wp\/v2\/types\/page"}],"author":[{"embeddable":true,"href":"https:\/\/kk.lanakk.com\/index.php?rest_route=\/wp\/v2\/users\/1"}],"replies":[{"embeddable":true,"href":"https:\/\/kk.lanakk.com\/index.php?rest_route=%2Fwp%2Fv2%2Fcomments&post=23"}],"version-history":[{"count":4,"href":"https:\/\/kk.lanakk.com\/index.php?rest_route=\/wp\/v2\/pages\/23\/revisions"}],"predecessor-version":[{"id":1413,"href":"https:\/\/kk.lanakk.com\/index.php?rest_route=\/wp\/v2\/pages\/23\/revisions\/1413"}],"wp:attachment":[{"href":"https:\/\/kk.lanakk.com\/index.php?rest_route=%2Fwp%2Fv2%2Fmedia&parent=23"}],"curies":[{"name":"wp","href":"https:\/\/api.w.org\/{rel}","templated":true}]}}